{"id":84,"date":"2025-08-20T13:53:51","date_gmt":"2025-08-20T10:53:51","guid":{"rendered":"https:\/\/teknocomkocaeli.com\/?page_id=84"},"modified":"2025-08-20T13:53:51","modified_gmt":"2025-08-20T10:53:51","slug":"biz-kimiz","status":"publish","type":"page","link":"https:\/\/teknocomkocaeli.com\/index.php\/biz-kimiz\/","title":{"rendered":"Biz kimiz ?"},"content":{"rendered":"\n<p>Firma 2014 y\u0131l\u0131nda Sakarya&#8217;da&nbsp;<strong>Mehmet Ozan \u00c7etin<\/strong>&nbsp;taraf\u0131ndan kurulmu\u015ftur.Notebook onar\u0131mlar\u0131nda yap\u0131lmas\u0131 zor ar\u0131zalar\u0131 onararak dikkat \u00e7ekmi\u015ftir.<\/p>\n\n\n\n<p>T\u00fcm elektronik kartlara onar\u0131m yetkisi bulunan servisimiz yaln\u0131zca diz\u00fcst\u00fc bilgisayar teknolojisi \u00fczerinde \u00e7al\u0131\u015fmaktad\u0131r. S\u00fcrekli yenilenen \u00fcr\u00fcnlerimiz ile T\u00fcrkiye&#8217;nin en geli\u015fmi\u015f Notebook ve MacBook \u00f6zel servislerinden biriyiz.<\/p>\n\n\n\n<p>Deneyimli teknisyen ve m\u00fchendis kadromuzla, bilgisayarlar\u0131n\u0131za profesyonel bak\u0131m hizmeti sunuyoruz.<\/p>\n","protected":false},"excerpt":{"rendered":"<p>Firma 2014 y\u0131l\u0131nda Sakarya&#8217;da&nbsp;Mehmet Ozan \u00c7etin&nbsp;taraf\u0131ndan kurulmu\u015ftur.Notebook onar\u0131mlar\u0131nda yap\u0131lmas\u0131 zor ar\u0131zalar\u0131 onararak dikkat \u00e7ekmi\u015ftir. T\u00fcm elektronik kartlara onar\u0131m yetkisi bulunan servisimiz yaln\u0131zca diz\u00fcst\u00fc bilgisayar teknolojisi \u00fczerinde \u00e7al\u0131\u015fmaktad\u0131r. S\u00fcrekli yenilenen \u00fcr\u00fcnlerimiz ile T\u00fcrkiye&#8217;nin en geli\u015fmi\u015f Notebook ve MacBook \u00f6zel servislerinden biriyiz. Deneyimli teknisyen ve m\u00fchendis kadromuzla, bilgisayarlar\u0131n\u0131za profesyonel bak\u0131m hizmeti sunuyoruz.<\/p>\n","protected":false},"author":1,"featured_media":0,"parent":0,"menu_order":0,"comment_status":"closed","ping_status":"closed","template":"","meta":{"saved_in_kubio":false,"footnotes":""},"class_list":["post-84","page","type-page","status-publish","hentry"],"kubio_ai_page_context":{"short_desc":"","purpose":"general"},"_links":{"self":[{"href":"https:\/\/teknocomkocaeli.com\/index.php\/wp-json\/wp\/v2\/pages\/84","targetHints":{"allow":["GET"]}}],"collection":[{"href":"https:\/\/teknocomkocaeli.com\/index.php\/wp-json\/wp\/v2\/pages"}],"about":[{"href":"https:\/\/teknocomkocaeli.com\/index.php\/wp-json\/wp\/v2\/types\/page"}],"author":[{"embeddable":true,"href":"https:\/\/teknocomkocaeli.com\/index.php\/wp-json\/wp\/v2\/users\/1"}],"replies":[{"embeddable":true,"href":"https:\/\/teknocomkocaeli.com\/index.php\/wp-json\/wp\/v2\/comments?post=84"}],"version-history":[{"count":1,"href":"https:\/\/teknocomkocaeli.com\/index.php\/wp-json\/wp\/v2\/pages\/84\/revisions"}],"predecessor-version":[{"id":85,"href":"https:\/\/teknocomkocaeli.com\/index.php\/wp-json\/wp\/v2\/pages\/84\/revisions\/85"}],"wp:attachment":[{"href":"https:\/\/teknocomkocaeli.com\/index.php\/wp-json\/wp\/v2\/media?parent=84"}],"curies":[{"name":"wp","href":"https:\/\/api.w.org\/{rel}","templated":true}]}}